{"id":73,"date":"2017-03-16T14:54:14","date_gmt":"2017-03-16T14:54:14","guid":{"rendered":"https:\/\/ninahorvat.net\/?page_id=73"},"modified":"2020-11-04T07:41:49","modified_gmt":"2020-11-04T07:41:49","slug":"biografija","status":"publish","type":"page","link":"https:\/\/ninahorvat.net\/index.php\/biografija\/","title":{"rendered":"biografija"},"content":{"rendered":"<p>Nina Horvat je ro\u0111ena u Zagrebu 1963.godine. Diplomirala je 1989. na Akademiji likovnih umjetnosti u Zagrebu, u klasi prof. Zlatka Kesera. \u0160kolsku godinu 1992. i 1993. provela kao stipendist portugalske vlade na Akademiji lijepih umjetnosti u Lisabonu (Academia dos belos artes Lisboa). Tamo je poha\u0111ala kolegije Slikarstvo i Slikarstvo na keramici. Sudjelovala na vi\u0161e skupnih izlo\u017ebi i javnih akcija, te priredila vi\u0161e samostalnih izlo\u017ebi. \u017divi i radi u Zagrebu.<\/p>\n<p>&nbsp;<\/p>\n<p><strong>samostalne izlo\u017ebe<br \/>\n<\/strong><br \/>\n<strong>2020.<br \/>\n<\/strong>Muzej suvremene umjetnosti izlo\u017eba &#8220;Ovo nije lijepo&#8221;<\/p>\n<p><strong>2015.<\/strong><br \/>\nAteljei \u017ditnjak, Zagreb<\/p>\n<p><strong>2012.<\/strong><br \/>\nGalerija Greta, Zagreb<\/p>\n<p><strong>2011.<\/strong><br \/>\nGalerija Sv. Tome, Rovinj<\/p>\n<p><strong>2009.<\/strong><br \/>\nGalerija Matice Hrvatske, Zagreb<\/p>\n<p><strong>2004.<\/strong><br \/>\nGalerija Josip Ra\u010di\u0107, Zagreb<\/p>\n<p><strong>2003.<\/strong><br \/>\nGalerija Karas, Zagreb<\/p>\n<p><strong>2000.<\/strong><br \/>\nGalerija Ghetto , Split<\/p>\n<p><strong>1998.<\/strong><br \/>\nGalerija Gal\u017eenica Velika gorica, Galerija Gradska Zagreb<\/p>\n<p><strong>1996.<\/strong><br \/>\nGalerija Otok, Dubrovnik<\/p>\n<p><strong>1995.<\/strong><br \/>\nGalerija pro\u0161irenih medija, Zagreb<\/p>\n<p><strong>1994.<\/strong><br \/>\nGalerija Nona, Zagreb<br \/>\nGalerija Donum , Pore\u010d<\/p>\n<p><strong>1992.<\/strong><br \/>\nGalerija Turismo, Viseu, Portugal<\/p>\n<p><strong>1991.<\/strong><br \/>\nGalerija Nova, Zagreb<\/p>\n<p><strong>1990.<\/strong><br \/>\nStudio galerije Forum, Zagreb<\/p>\n<p>&nbsp;<\/p>\n<p><strong>skupne izlo\u017ebe (izbor)<\/strong><\/p>\n<p><strong>2018.- 2019.<br \/>\n<\/strong>Muzej suvremene umjetnosti, Zagreb &#8211; zvu\u010dni rad u stalnom postavu muzeja &#8220;Provjetravanje&#8221;<\/p>\n<p><strong>2013.<\/strong> i <strong>2014.<\/strong><br \/>\nRovinjska kolonija, Rovinj<\/p>\n<p><strong>2011.<\/strong><br \/>\nMSU, Zagreb \u201eSlika od zvuka\u201c<br \/>\nGalerija Lazareti, Dubrovnik, \u201eSlika od zvuka\u201c<\/p>\n<p><strong>2010.<\/strong><br \/>\nGalerija MKC, Split \u201eSlika od zvuka\u201c<\/p>\n<p><strong>2008.<\/strong><br \/>\nMS:T Festival performativnih umjetnosti, Calgary, Canada<\/p>\n<p><strong>2006.<\/strong><br \/>\nTriennale skulpture, Gliptoteka, Zagreb<\/p>\n<p><strong>2003.<\/strong><br \/>\nSlovenija otvorena za umjetnost<\/p>\n<p><strong>2000.<\/strong><br \/>\nZagorski salon, Krapina<\/p>\n<p><strong>1996.<\/strong><br \/>\nZagreba\u010dki salon<\/p>\n<p><strong>1994.<\/strong><br \/>\nNova hrvatska umjetnost, Moderna galerija , Zagreb<\/p>\n<p><strong>1992.<\/strong><br \/>\n&#8220;Teritorij&#8221;, Gliptoteka, Zagreb, &#8220;Splitski annale&#8221;&nbsp;Split<\/p>\n<p><strong>1990.<\/strong><br \/>\nZagreba\u010dki salon<\/p>\n<p><strong>1989.<\/strong>&nbsp;i&nbsp;<strong>1991.<\/strong><br \/>\nBiennale mladih, Rijeka<\/p>\n<p><strong>1987.<\/strong>&nbsp;i&nbsp;<strong>1989.<\/strong><br \/>\nSalon mladih Zagreb<\/p>\n<p>&nbsp;<\/p>\n<p>Sudjelovala na nekoliko javnih akcija, kao \u0161to je Defenestracija <strong>1987.<\/strong> g. u Zagrebu.<\/p>\n<p>Napravila dva zvu\u010dna rada za emisiju Slika od zvuka (3. program HR): \u201eZa tatu\u201c <strong>2009.<\/strong> i \u201eStraah\u201c <strong>2016.&nbsp;<\/strong>godine<\/p>\n<p>Izvela skulpturu za javni prostor: portret Stanka Horvata u aleji hrvatskih skladatelja, <strong>2008.<\/strong>, Osor, Cres<\/p>\n","protected":false},"excerpt":{"rendered":"<p>Nina Horvat je ro\u0111ena u Zagrebu 1963.godine. Diplomirala je 1989. na Akademiji likovnih umjetnosti u Zagrebu, u klasi prof. Zlatka Kesera. \u0160kolsku godinu 1992. i 1993. provela kao stipendist portugalske vlade na Akademiji lijepih umjetnosti u Lisabonu (Academia dos belos artes Lisboa). Tamo je poha\u0111ala kolegije Slikarstvo i Slikarstvo na keramici. Sudjelovala na vi\u0161e skupnih&#8230;<\/p>\n<p><a class=\"more\" href=\"https:\/\/ninahorvat.net\/index.php\/biografija\/\"> \u010ditaj vi\u0161e &rsaquo;<\/a><\/p>\n","protected":false},"author":1,"featured_media":74,"parent":0,"menu_order":1,"comment_status":"closed","ping_status":"closed","template":"","meta":[],"_links":{"self":[{"href":"https:\/\/ninahorvat.net\/index.php\/wp-json\/wp\/v2\/pages\/73"}],"collection":[{"href":"https:\/\/ninahorvat.net\/index.php\/wp-json\/wp\/v2\/pages"}],"about":[{"href":"https:\/\/ninahorvat.net\/index.php\/wp-json\/wp\/v2\/types\/page"}],"author":[{"embeddable":true,"href":"https:\/\/ninahorvat.net\/index.php\/wp-json\/wp\/v2\/users\/1"}],"replies":[{"embeddable":true,"href":"https:\/\/ninahorvat.net\/index.php\/wp-json\/wp\/v2\/comments?post=73"}],"version-history":[{"count":11,"href":"https:\/\/ninahorvat.net\/index.php\/wp-json\/wp\/v2\/pages\/73\/revisions"}],"predecessor-version":[{"id":357,"href":"https:\/\/ninahorvat.net\/index.php\/wp-json\/wp\/v2\/pages\/73\/revisions\/357"}],"wp:featuredmedia":[{"embeddable":true,"href":"https:\/\/ninahorvat.net\/index.php\/wp-json\/wp\/v2\/media\/74"}],"wp:attachment":[{"href":"https:\/\/ninahorvat.net\/index.php\/wp-json\/wp\/v2\/media?parent=73"}],"curies":[{"name":"wp","href":"https:\/\/api.w.org\/{rel}","templated":true}]}}